{"id":3645,"date":"2025-03-25T17:32:43","date_gmt":"2025-03-25T20:32:43","guid":{"rendered":"https:\/\/www.cecrosario.gob.ar\/?page_id=3645"},"modified":"2025-08-20T21:48:50","modified_gmt":"2025-08-21T00:48:50","slug":"prensa","status":"publish","type":"page","link":"https:\/\/www.cecrosario.gob.ar\/index.php\/prensa\/","title":{"rendered":"Prensa"},"content":{"rendered":"\t\t<div data-elementor-type=\"wp-page\" data-elementor-id=\"3645\" class=\"elementor elementor-3645\">\n\t\t\t\t<div class=\"elementor-element elementor-element-46ab440 e-flex e-con-boxed wpr-particle-no wpr-jarallax-no wpr-parallax-no wpr-sticky-section-no e-con e-parent\" data-id=\"46ab440\" data-element_type=\"container\" data-e-type=\"container\" data-settings=\"{&quot;background_background&quot;:&quot;classic&quot;}\">\n\t\t\t\t\t<div class=\"e-con-inner\">\n\t\t\t\t<div class=\"elementor-element elementor-element-8167aa5 elementor-widget elementor-widget-heading\" data-id=\"8167aa5\" data-element_type=\"widget\" data-e-type=\"widget\" data-widget_type=\"heading.default\">\n\t\t\t\t<div class=\"elementor-widget-container\">\n\t\t\t\t\t<h2 class=\"elementor-heading-title elementor-size-default\">Notas de prensa<\/h2>\t\t\t\t<\/div>\n\t\t\t\t<\/div>\n\t\t\t\t\t<\/div>\n\t\t\t\t<\/div>\n\t\t<div class=\"elementor-element elementor-element-c97c204 e-flex e-con-boxed wpr-particle-no wpr-jarallax-no wpr-parallax-no wpr-sticky-section-no e-con e-parent\" data-id=\"c97c204\" data-element_type=\"container\" data-e-type=\"container\">\n\t\t\t\t\t<div class=\"e-con-inner\">\n\t\t\t\t<div class=\"elementor-element elementor-element-9acf98c elementor-widget elementor-widget-shortcode\" data-id=\"9acf98c\" data-element_type=\"widget\" data-e-type=\"widget\" data-widget_type=\"shortcode.default\">\n\t\t\t\t<div class=\"elementor-widget-container\">\n\t\t\t\t\t\t\t<div class=\"elementor-shortcode\"><div class=\"press-notes-list\"><div class=\"press-note-item\"><img fetchpriority=\"high\" decoding=\"async\" width=\"1600\" height=\"1066\" src=\"https:\/\/www.cecrosario.gob.ar\/wp-content\/uploads\/2024\/07\/Museo-Aero-Solar-2.jpeg\" class=\"press-note-thumbnail wp-post-image\" alt=\"\" srcset=\"https:\/\/www.cecrosario.gob.ar\/wp-content\/uploads\/2024\/07\/Museo-Aero-Solar-2.jpeg 1600w, https:\/\/www.cecrosario.gob.ar\/wp-content\/uploads\/2024\/07\/Museo-Aero-Solar-2-300x200.jpeg 300w, https:\/\/www.cecrosario.gob.ar\/wp-content\/uploads\/2024\/07\/Museo-Aero-Solar-2-1024x682.jpeg 1024w, https:\/\/www.cecrosario.gob.ar\/wp-content\/uploads\/2024\/07\/Museo-Aero-Solar-2-768x512.jpeg 768w, https:\/\/www.cecrosario.gob.ar\/wp-content\/uploads\/2024\/07\/Museo-Aero-Solar-2-391x260.jpeg 391w, https:\/\/www.cecrosario.gob.ar\/wp-content\/uploads\/2024\/07\/Museo-Aero-Solar-2-1536x1023.jpeg 1536w\" sizes=\"(max-width: 1600px) 100vw, 1600px\" \/><div class=\"press-note-info\"><p>Publicado el: 25 de marzo de 2025<\/p><h3>Museo Aero Solar Rosa R\u00edo<\/h3><div class=\"container-btn-press-note\"><a href=\"https:\/\/aerocene.org\/museo-aero-solar-rosa-rio\/\" target=\"_blank\" class=\"btn-ver-nota\">Ver nota<\/a><\/div><\/div><\/div><div class=\"press-note-item\"><img decoding=\"async\" width=\"1186\" height=\"785\" src=\"https:\/\/www.cecrosario.gob.ar\/wp-content\/uploads\/2025\/03\/Centro-De-Expresiones-Contemporaneas.jpg\" class=\"press-note-thumbnail wp-post-image\" alt=\"\" srcset=\"https:\/\/www.cecrosario.gob.ar\/wp-content\/uploads\/2025\/03\/Centro-De-Expresiones-Contemporaneas.jpg 1186w, https:\/\/www.cecrosario.gob.ar\/wp-content\/uploads\/2025\/03\/Centro-De-Expresiones-Contemporaneas-300x199.jpg 300w, https:\/\/www.cecrosario.gob.ar\/wp-content\/uploads\/2025\/03\/Centro-De-Expresiones-Contemporaneas-1024x678.jpg 1024w, https:\/\/www.cecrosario.gob.ar\/wp-content\/uploads\/2025\/03\/Centro-De-Expresiones-Contemporaneas-768x508.jpg 768w, https:\/\/www.cecrosario.gob.ar\/wp-content\/uploads\/2025\/03\/Centro-De-Expresiones-Contemporaneas-391x260.jpg 391w\" sizes=\"(max-width: 1186px) 100vw, 1186px\" \/><div class=\"press-note-info\"><p>Publicado el: 25 de marzo de 2025<\/p><h3>Centro de Expresiones Contempor\u00e1neas<\/h3><div class=\"container-btn-press-note\"><a href=\"https:\/\/indiehoy.com\/lugares\/centro-de-expresiones-contemporaneas\/\" target=\"_blank\" class=\"btn-ver-nota\">Ver nota<\/a><\/div><\/div><\/div><div class=\"press-note-item\"><img decoding=\"async\" width=\"800\" height=\"483\" src=\"https:\/\/www.cecrosario.gob.ar\/wp-content\/uploads\/2025\/03\/once-y-cec-nota.jpg\" class=\"press-note-thumbnail wp-post-image\" alt=\"\" srcset=\"https:\/\/www.cecrosario.gob.ar\/wp-content\/uploads\/2025\/03\/once-y-cec-nota.jpg 800w, https:\/\/www.cecrosario.gob.ar\/wp-content\/uploads\/2025\/03\/once-y-cec-nota-300x181.jpg 300w, https:\/\/www.cecrosario.gob.ar\/wp-content\/uploads\/2025\/03\/once-y-cec-nota-768x464.jpg 768w\" sizes=\"(max-width: 800px) 100vw, 800px\" \/><div class=\"press-note-info\"><p>Publicado el: 8 de febrero de 2025<\/p><h3>Rosario disfrut\u00f3 de una nueva edici\u00f3n de Once y CEC<\/h3><div class=\"container-btn-press-note\"><a href=\"https:\/\/www.conclusion.com.ar\/espectaculos\/rosario-disfruto-de-una-nueva-edicion-de-once-y-cec\/02\/2025\/\" target=\"_blank\" class=\"btn-ver-nota\">Ver nota<\/a><\/div><\/div><\/div><div class=\"press-note-item\"><img loading=\"lazy\" decoding=\"async\" width=\"700\" height=\"467\" src=\"https:\/\/www.cecrosario.gob.ar\/wp-content\/uploads\/2025\/03\/En-busca-de-practicas-que-rompan-preceptos.jpg\" class=\"press-note-thumbnail wp-post-image\" alt=\"\" srcset=\"https:\/\/www.cecrosario.gob.ar\/wp-content\/uploads\/2025\/03\/En-busca-de-practicas-que-rompan-preceptos.jpg 700w, https:\/\/www.cecrosario.gob.ar\/wp-content\/uploads\/2025\/03\/En-busca-de-practicas-que-rompan-preceptos-300x200.jpg 300w, https:\/\/www.cecrosario.gob.ar\/wp-content\/uploads\/2025\/03\/En-busca-de-practicas-que-rompan-preceptos-391x260.jpg 391w\" sizes=\"(max-width: 700px) 100vw, 700px\" \/><div class=\"press-note-info\"><p>Publicado el: 24 de enero de 2025<\/p><h3>En busca de pr\u00e1cticas que rompan preceptos<\/h3><div class=\"container-btn-press-note\"><a href=\"https:\/\/www.pagina12.com.ar\/799024-en-busca-de-practicas-que-rompan-preceptos\" target=\"_blank\" class=\"btn-ver-nota\">Ver nota<\/a><\/div><\/div><\/div><div class=\"press-note-item\"><img loading=\"lazy\" decoding=\"async\" width=\"1024\" height=\"683\" src=\"https:\/\/www.cecrosario.gob.ar\/wp-content\/uploads\/2025\/03\/DSC_0461-1024x683-1.jpg\" class=\"press-note-thumbnail wp-post-image\" alt=\"\" srcset=\"https:\/\/www.cecrosario.gob.ar\/wp-content\/uploads\/2025\/03\/DSC_0461-1024x683-1.jpg 1024w, https:\/\/www.cecrosario.gob.ar\/wp-content\/uploads\/2025\/03\/DSC_0461-1024x683-1-300x200.jpg 300w, https:\/\/www.cecrosario.gob.ar\/wp-content\/uploads\/2025\/03\/DSC_0461-1024x683-1-768x512.jpg 768w, https:\/\/www.cecrosario.gob.ar\/wp-content\/uploads\/2025\/03\/DSC_0461-1024x683-1-391x260.jpg 391w\" sizes=\"(max-width: 1024px) 100vw, 1024px\" \/><div class=\"press-note-info\"><p>Publicado el: 24 de septiembre de 2024<\/p><h3>Festival Ne:RD: Encuentro de la comunidad digital y apuesta al ma\u00f1ana<\/h3><div class=\"container-btn-press-note\"><a href=\"https:\/\/www.rapto.com.ar\/cultura\/fernando-molina-nerd-cec-festival-expresiones-digitales-arte-electronico-experimental-noise-glitch-art-lab-hernan-roperto-nait-saves-idm-comunidad-digital-vj-arte\" target=\"_blank\" class=\"btn-ver-nota\">Ver nota<\/a><\/div><\/div><\/div><div class=\"press-note-item\"><img loading=\"lazy\" decoding=\"async\" width=\"700\" height=\"467\" src=\"https:\/\/www.cecrosario.gob.ar\/wp-content\/uploads\/2025\/03\/845248-ro06fo0107web-eduardo-20pinto.jpg\" class=\"press-note-thumbnail wp-post-image\" alt=\"\" srcset=\"https:\/\/www.cecrosario.gob.ar\/wp-content\/uploads\/2025\/03\/845248-ro06fo0107web-eduardo-20pinto.jpg 700w, https:\/\/www.cecrosario.gob.ar\/wp-content\/uploads\/2025\/03\/845248-ro06fo0107web-eduardo-20pinto-300x200.jpg 300w, https:\/\/www.cecrosario.gob.ar\/wp-content\/uploads\/2025\/03\/845248-ro06fo0107web-eduardo-20pinto-391x260.jpg 391w\" sizes=\"(max-width: 700px) 100vw, 700px\" \/><div class=\"press-note-info\"><p>Publicado el: 7 de junio de 2024<\/p><h3>\u00cdntima conexi\u00f3n con el p\u00fablico<\/h3><div class=\"container-btn-press-note\"><a href=\"https:\/\/www.pagina12.com.ar\/742703-intima-conexion-con-el-publico\" target=\"_blank\" class=\"btn-ver-nota\">Ver nota<\/a><\/div><\/div><\/div><div class=\"press-note-item\"><img loading=\"lazy\" decoding=\"async\" width=\"1078\" height=\"720\" src=\"https:\/\/www.cecrosario.gob.ar\/wp-content\/uploads\/2025\/03\/720.webp\" class=\"press-note-thumbnail wp-post-image\" alt=\"\" srcset=\"https:\/\/www.cecrosario.gob.ar\/wp-content\/uploads\/2025\/03\/720.webp 1078w, https:\/\/www.cecrosario.gob.ar\/wp-content\/uploads\/2025\/03\/720-300x200.webp 300w, https:\/\/www.cecrosario.gob.ar\/wp-content\/uploads\/2025\/03\/720-1024x684.webp 1024w, https:\/\/www.cecrosario.gob.ar\/wp-content\/uploads\/2025\/03\/720-768x513.webp 768w, https:\/\/www.cecrosario.gob.ar\/wp-content\/uploads\/2025\/03\/720-391x260.webp 391w\" sizes=\"(max-width: 1078px) 100vw, 1078px\" \/><div class=\"press-note-info\"><p>Publicado el: 26 de mayo de 2024<\/p><h3>\u00c9rica Rivas con \u00abMatate amor\u00bb: reflexiones sobre un \u00e9xito revelador<\/h3><div class=\"container-btn-press-note\"><a href=\"https:\/\/www.rosarioplus.com\/en-la-reposera\/cultura\/erica-rivas-con--matate-amor---reflexiones-sobre-un-exito-revelador_a66533eb119f57c9554e7ecd8\" target=\"_blank\" class=\"btn-ver-nota\">Ver nota<\/a><\/div><\/div><\/div><div class=\"press-note-item\"><img loading=\"lazy\" decoding=\"async\" width=\"1068\" height=\"601\" src=\"https:\/\/www.cecrosario.gob.ar\/wp-content\/uploads\/2025\/03\/cec-rosario-portada-1068x601-1.jpg\" class=\"press-note-thumbnail wp-post-image\" alt=\"\" srcset=\"https:\/\/www.cecrosario.gob.ar\/wp-content\/uploads\/2025\/03\/cec-rosario-portada-1068x601-1.jpg 1068w, https:\/\/www.cecrosario.gob.ar\/wp-content\/uploads\/2025\/03\/cec-rosario-portada-1068x601-1-300x169.jpg 300w, https:\/\/www.cecrosario.gob.ar\/wp-content\/uploads\/2025\/03\/cec-rosario-portada-1068x601-1-1024x576.jpg 1024w, https:\/\/www.cecrosario.gob.ar\/wp-content\/uploads\/2025\/03\/cec-rosario-portada-1068x601-1-768x432.jpg 768w\" sizes=\"(max-width: 1068px) 100vw, 1068px\" \/><div class=\"press-note-info\"><p>Publicado el: 13 de febrero de 2024<\/p><h3>Emp\u00e1pate de arte en el CEC Rosario (Argentina)<\/h3><div class=\"container-btn-press-note\"><a href=\"https:\/\/lgbtravel.com\/experiencias\/cultura\/empapate-arte-centro-expresiones-contemporaneas-cec-rosario-argentina\/\" target=\"_blank\" class=\"btn-ver-nota\">Ver nota<\/a><\/div><\/div><\/div><\/div><\/div>\n\t\t\t\t\t\t<\/div>\n\t\t\t\t<\/div>\n\t\t\t\t\t<\/div>\n\t\t\t\t<\/div>\n\t\t\t\t<\/div>\n\t\t","protected":false},"excerpt":{"rendered":"<p>Notas de prensa<\/p>\n","protected":false},"author":5,"featured_media":0,"parent":0,"menu_order":0,"comment_status":"closed","ping_status":"closed","template":"","meta":{"_monsterinsights_skip_tracking":false,"_monsterinsights_sitenote_active":false,"_monsterinsights_sitenote_note":"","_monsterinsights_sitenote_category":0,"site-sidebar-layout":"default","site-content-layout":"","ast-site-content-layout":"default","site-content-style":"default","site-sidebar-style":"default","ast-global-header-display":"","ast-banner-title-visibility":"","ast-main-header-display":"","ast-hfb-above-header-display":"","ast-hfb-below-header-display":"","ast-hfb-mobile-header-display":"","site-post-title":"","ast-breadcrumbs-content":"","ast-featured-img":"","footer-sml-layout":"","theme-transparent-header-meta":"","adv-header-id-meta":"","stick-header-meta":"","header-above-stick-meta":"","header-main-stick-meta":"","header-below-stick-meta":"","astra-migrate-meta-layouts":"set","ast-page-background-enabled":"default","ast-page-background-meta":{"desktop":{"background-color":"var(--ast-global-color-4)","background-image":"","background-repeat":"repeat","background-position":"center center","background-size":"auto","background-attachment":"scroll","background-type":"","background-media":"","overlay-type":"","overlay-color":"","overlay-opacity":"","overlay-gradient":""},"tablet":{"background-color":"","background-image":"","background-repeat":"repeat","background-position":"center center","background-size":"auto","background-attachment":"scroll","background-type":"","background-media":"","overlay-type":"","overlay-color":"","overlay-opacity":"","overlay-gradient":""},"mobile":{"background-color":"","background-image":"","background-repeat":"repeat","background-position":"center center","background-size":"auto","background-attachment":"scroll","background-type":"","background-media":"","overlay-type":"","overlay-color":"","overlay-opacity":"","overlay-gradient":""}},"ast-content-background-meta":{"desktop":{"background-color":"var(--ast-global-color-5)","background-image":"","background-repeat":"repeat","background-position":"center center","background-size":"auto","background-attachment":"scroll","background-type":"","background-media":"","overlay-type":"","overlay-color":"","overlay-opacity":"","overlay-gradient":""},"tablet":{"background-color":"var(--ast-global-color-5)","background-image":"","background-repeat":"repeat","background-position":"center center","background-size":"auto","background-attachment":"scroll","background-type":"","background-media":"","overlay-type":"","overlay-color":"","overlay-opacity":"","overlay-gradient":""},"mobile":{"background-color":"var(--ast-global-color-5)","background-image":"","background-repeat":"repeat","background-position":"center center","background-size":"auto","background-attachment":"scroll","background-type":"","background-media":"","overlay-type":"","overlay-color":"","overlay-opacity":"","overlay-gradient":""}},"footnotes":""},"class_list":["post-3645","page","type-page","status-publish","hentry"],"yoast_head":"<!-- This site is optimized with the Yoast SEO plugin v27.5 - https:\/\/yoast.com\/product\/yoast-seo-wordpress\/ -->\n<title>Prensa - CEC<\/title>\n<meta name=\"robots\" content=\"index, follow, max-snippet:-1, max-image-preview:large, max-video-preview:-1\" \/>\n<link rel=\"canonical\" href=\"https:\/\/www.cecrosario.gob.ar\/index.php\/prensa\/\" \/>\n<meta property=\"og:locale\" content=\"es_ES\" \/>\n<meta property=\"og:type\" content=\"article\" \/>\n<meta property=\"og:title\" content=\"Prensa - CEC\" \/>\n<meta property=\"og:description\" content=\"Notas de prensa\" \/>\n<meta property=\"og:url\" content=\"https:\/\/www.cecrosario.gob.ar\/index.php\/prensa\/\" \/>\n<meta property=\"og:site_name\" content=\"CEC\" \/>\n<meta property=\"article:publisher\" content=\"https:\/\/www.facebook.com\/centrodeexpresionescontemporaneas\" \/>\n<meta property=\"article:modified_time\" content=\"2025-08-21T00:48:50+00:00\" \/>\n<meta name=\"twitter:card\" content=\"summary_large_image\" \/>\n<meta name=\"twitter:site\" content=\"@CEC_Rosario\" \/>\n<meta name=\"twitter:label1\" content=\"Tiempo de lectura\" \/>\n\t<meta name=\"twitter:data1\" content=\"1 minuto\" \/>\n<script type=\"application\/ld+json\" class=\"yoast-schema-graph\">{\"@context\":\"https:\\\/\\\/schema.org\",\"@graph\":[{\"@type\":\"WebPage\",\"@id\":\"https:\\\/\\\/www.cecrosario.gob.ar\\\/index.php\\\/prensa\\\/\",\"url\":\"https:\\\/\\\/www.cecrosario.gob.ar\\\/index.php\\\/prensa\\\/\",\"name\":\"Prensa - CEC\",\"isPartOf\":{\"@id\":\"https:\\\/\\\/www.cecrosario.gob.ar\\\/#website\"},\"datePublished\":\"2025-03-25T20:32:43+00:00\",\"dateModified\":\"2025-08-21T00:48:50+00:00\",\"breadcrumb\":{\"@id\":\"https:\\\/\\\/www.cecrosario.gob.ar\\\/index.php\\\/prensa\\\/#breadcrumb\"},\"inLanguage\":\"es\",\"potentialAction\":[{\"@type\":\"ReadAction\",\"target\":[\"https:\\\/\\\/www.cecrosario.gob.ar\\\/index.php\\\/prensa\\\/\"]}]},{\"@type\":\"BreadcrumbList\",\"@id\":\"https:\\\/\\\/www.cecrosario.gob.ar\\\/index.php\\\/prensa\\\/#breadcrumb\",\"itemListElement\":[{\"@type\":\"ListItem\",\"position\":1,\"name\":\"Portada\",\"item\":\"https:\\\/\\\/www.cecrosario.gob.ar\\\/\"},{\"@type\":\"ListItem\",\"position\":2,\"name\":\"Prensa\"}]},{\"@type\":\"WebSite\",\"@id\":\"https:\\\/\\\/www.cecrosario.gob.ar\\\/#website\",\"url\":\"https:\\\/\\\/www.cecrosario.gob.ar\\\/\",\"name\":\"CEC\",\"description\":\"\",\"publisher\":{\"@id\":\"https:\\\/\\\/www.cecrosario.gob.ar\\\/#organization\"},\"potentialAction\":[{\"@type\":\"SearchAction\",\"target\":{\"@type\":\"EntryPoint\",\"urlTemplate\":\"https:\\\/\\\/www.cecrosario.gob.ar\\\/?s={search_term_string}\"},\"query-input\":{\"@type\":\"PropertyValueSpecification\",\"valueRequired\":true,\"valueName\":\"search_term_string\"}}],\"inLanguage\":\"es\"},{\"@type\":\"Organization\",\"@id\":\"https:\\\/\\\/www.cecrosario.gob.ar\\\/#organization\",\"name\":\"CEC Rosario\",\"url\":\"https:\\\/\\\/www.cecrosario.gob.ar\\\/\",\"logo\":{\"@type\":\"ImageObject\",\"inLanguage\":\"es\",\"@id\":\"https:\\\/\\\/www.cecrosario.gob.ar\\\/#\\\/schema\\\/logo\\\/image\\\/\",\"url\":\"https:\\\/\\\/www.cecrosario.gob.ar\\\/wp-content\\\/uploads\\\/2021\\\/08\\\/cec-01.png\",\"contentUrl\":\"https:\\\/\\\/www.cecrosario.gob.ar\\\/wp-content\\\/uploads\\\/2021\\\/08\\\/cec-01.png\",\"width\":2000,\"height\":976,\"caption\":\"CEC Rosario\"},\"image\":{\"@id\":\"https:\\\/\\\/www.cecrosario.gob.ar\\\/#\\\/schema\\\/logo\\\/image\\\/\"},\"sameAs\":[\"https:\\\/\\\/www.facebook.com\\\/centrodeexpresionescontemporaneas\",\"https:\\\/\\\/x.com\\\/CEC_Rosario\",\"https:\\\/\\\/www.instagram.com\\\/cec_rosario\\\/\"]}]}<\/script>\n<!-- \/ Yoast SEO plugin. -->","yoast_head_json":{"title":"Prensa - CEC","robots":{"index":"index","follow":"follow","max-snippet":"max-snippet:-1","max-image-preview":"max-image-preview:large","max-video-preview":"max-video-preview:-1"},"canonical":"https:\/\/www.cecrosario.gob.ar\/index.php\/prensa\/","og_locale":"es_ES","og_type":"article","og_title":"Prensa - CEC","og_description":"Notas de prensa","og_url":"https:\/\/www.cecrosario.gob.ar\/index.php\/prensa\/","og_site_name":"CEC","article_publisher":"https:\/\/www.facebook.com\/centrodeexpresionescontemporaneas","article_modified_time":"2025-08-21T00:48:50+00:00","twitter_card":"summary_large_image","twitter_site":"@CEC_Rosario","twitter_misc":{"Tiempo de lectura":"1 minuto"},"schema":{"@context":"https:\/\/schema.org","@graph":[{"@type":"WebPage","@id":"https:\/\/www.cecrosario.gob.ar\/index.php\/prensa\/","url":"https:\/\/www.cecrosario.gob.ar\/index.php\/prensa\/","name":"Prensa - CEC","isPartOf":{"@id":"https:\/\/www.cecrosario.gob.ar\/#website"},"datePublished":"2025-03-25T20:32:43+00:00","dateModified":"2025-08-21T00:48:50+00:00","breadcrumb":{"@id":"https:\/\/www.cecrosario.gob.ar\/index.php\/prensa\/#breadcrumb"},"inLanguage":"es","potentialAction":[{"@type":"ReadAction","target":["https:\/\/www.cecrosario.gob.ar\/index.php\/prensa\/"]}]},{"@type":"BreadcrumbList","@id":"https:\/\/www.cecrosario.gob.ar\/index.php\/prensa\/#breadcrumb","itemListElement":[{"@type":"ListItem","position":1,"name":"Portada","item":"https:\/\/www.cecrosario.gob.ar\/"},{"@type":"ListItem","position":2,"name":"Prensa"}]},{"@type":"WebSite","@id":"https:\/\/www.cecrosario.gob.ar\/#website","url":"https:\/\/www.cecrosario.gob.ar\/","name":"CEC","description":"","publisher":{"@id":"https:\/\/www.cecrosario.gob.ar\/#organization"},"potentialAction":[{"@type":"SearchAction","target":{"@type":"EntryPoint","urlTemplate":"https:\/\/www.cecrosario.gob.ar\/?s={search_term_string}"},"query-input":{"@type":"PropertyValueSpecification","valueRequired":true,"valueName":"search_term_string"}}],"inLanguage":"es"},{"@type":"Organization","@id":"https:\/\/www.cecrosario.gob.ar\/#organization","name":"CEC Rosario","url":"https:\/\/www.cecrosario.gob.ar\/","logo":{"@type":"ImageObject","inLanguage":"es","@id":"https:\/\/www.cecrosario.gob.ar\/#\/schema\/logo\/image\/","url":"https:\/\/www.cecrosario.gob.ar\/wp-content\/uploads\/2021\/08\/cec-01.png","contentUrl":"https:\/\/www.cecrosario.gob.ar\/wp-content\/uploads\/2021\/08\/cec-01.png","width":2000,"height":976,"caption":"CEC Rosario"},"image":{"@id":"https:\/\/www.cecrosario.gob.ar\/#\/schema\/logo\/image\/"},"sameAs":["https:\/\/www.facebook.com\/centrodeexpresionescontemporaneas","https:\/\/x.com\/CEC_Rosario","https:\/\/www.instagram.com\/cec_rosario\/"]}]}},"_links":{"self":[{"href":"https:\/\/www.cecrosario.gob.ar\/index.php\/wp-json\/wp\/v2\/pages\/3645","targetHints":{"allow":["GET"]}}],"collection":[{"href":"https:\/\/www.cecrosario.gob.ar\/index.php\/wp-json\/wp\/v2\/pages"}],"about":[{"href":"https:\/\/www.cecrosario.gob.ar\/index.php\/wp-json\/wp\/v2\/types\/page"}],"author":[{"embeddable":true,"href":"https:\/\/www.cecrosario.gob.ar\/index.php\/wp-json\/wp\/v2\/users\/5"}],"replies":[{"embeddable":true,"href":"https:\/\/www.cecrosario.gob.ar\/index.php\/wp-json\/wp\/v2\/comments?post=3645"}],"version-history":[{"count":20,"href":"https:\/\/www.cecrosario.gob.ar\/index.php\/wp-json\/wp\/v2\/pages\/3645\/revisions"}],"predecessor-version":[{"id":4170,"href":"https:\/\/www.cecrosario.gob.ar\/index.php\/wp-json\/wp\/v2\/pages\/3645\/revisions\/4170"}],"wp:attachment":[{"href":"https:\/\/www.cecrosario.gob.ar\/index.php\/wp-json\/wp\/v2\/media?parent=3645"}],"curies":[{"name":"wp","href":"https:\/\/api.w.org\/{rel}","templated":true}]}}